{"id":45,"date":"2023-05-04T11:31:03","date_gmt":"2023-05-04T11:31:03","guid":{"rendered":"https:\/\/dr-raben.de\/?page_id=45"},"modified":"2023-05-04T11:31:03","modified_gmt":"2023-05-04T11:31:03","slug":"leistungen","status":"publish","type":"page","link":"https:\/\/dr-raben.de\/?page_id=45","title":{"rendered":"Leistungen"},"content":{"rendered":"<p>[et_pb_section fb_built=&#8220;1&#8243; specialty=&#8220;on&#8220; admin_label=&#8220;Feature&#8220; _builder_version=&#8220;4.16&#8243; use_background_color_gradient=&#8220;on&#8220; background_color_gradient_stops=&#8220;#f3f5fa 0%|#ffffff 100%&#8220; background_color_gradient_start=&#8220;#f3f5fa&#8220; background_color_gradient_end=&#8220;#ffffff&#8220; global_colors_info=&#8220;{}&#8220; theme_builder_area=&#8220;post_content&#8220;][et_pb_column type=&#8220;1_3&#8243; _builder_version=&#8220;4.16&#8243; custom_padding=&#8220;|||&#8220; global_colors_info=&#8220;{}&#8220; custom_padding__hover=&#8220;|||&#8220; theme_builder_area=&#8220;post_content&#8220;][et_pb_text _builder_version=&#8220;4.19.4&#8243; text_font=&#8220;||||||||&#8220; text_text_color=&#8220;#000000&#8243; text_line_height=&#8220;2em&#8220; header_font=&#8220;||||||||&#8220; header_text_color=&#8220;#000000&#8243; header_font_size=&#8220;23px&#8220; header_3_font=&#8220;||||||||&#8220; header_3_font_size=&#8220;24px&#8220; header_3_line_height=&#8220;1.6em&#8220; custom_margin=&#8220;||30px|&#8220; header_3_font_size_tablet=&#8220;&#8220; header_3_font_size_phone=&#8220;25px&#8220; header_3_font_size_last_edited=&#8220;on|phone&#8220; locked=&#8220;off&#8220; global_colors_info=&#8220;{}&#8220; theme_builder_area=&#8220;post_content&#8220;]<\/p>\n<h3>Zahnmedizin f\u00fcr die ganze Familie<\/h3>\n<p>[\/et_pb_text][et_pb_blurb title=&#8220;Erwachsene&#8220; use_icon=&#8220;on&#8220; font_icon=&#8220;&#x4e;||divi||400&#8243; icon_color=&#8220;#0079ff&#8220; icon_placement=&#8220;left&#8220; _builder_version=&#8220;4.20.0&#8243; header_level=&#8220;h3&#8243; header_font=&#8220;Cantata One||||||||&#8220; header_font_size=&#8220;14px&#8220; header_line_height=&#8220;2em&#8220; body_font=&#8220;Open Sans||||||||&#8220; body_line_height=&#8220;2em&#8220; custom_margin=&#8220;||20px|&#8220; animation=&#8220;off&#8220; locked=&#8220;off&#8220; global_colors_info=&#8220;{}&#8220; theme_builder_area=&#8220;post_content&#8220;][\/et_pb_blurb][et_pb_blurb title=&#8220;Kinder&#8220; use_icon=&#8220;on&#8220; font_icon=&#8220;&#x4e;||divi||400&#8243; icon_color=&#8220;#0079ff&#8220; icon_placement=&#8220;left&#8220; _builder_version=&#8220;4.19.4&#8243; header_level=&#8220;h3&#8243; header_font=&#8220;Cantata One||||||||&#8220; header_font_size=&#8220;14px&#8220; header_line_height=&#8220;2em&#8220; body_font=&#8220;Open Sans||||||||&#8220; body_line_height=&#8220;2em&#8220; custom_margin=&#8220;||20px|&#8220; animation=&#8220;off&#8220; locked=&#8220;off&#8220; global_colors_info=&#8220;{}&#8220; theme_builder_area=&#8220;post_content&#8220;][\/et_pb_blurb][\/et_pb_column][et_pb_column type=&#8220;2_3&#8243; specialty_columns=&#8220;2&#8243; _builder_version=&#8220;4.16&#8243; custom_padding=&#8220;|||&#8220; global_colors_info=&#8220;{}&#8220; custom_padding__hover=&#8220;|||&#8220; theme_builder_area=&#8220;post_content&#8220;][et_pb_row_inner _builder_version=&#8220;4.16&#8243; background_color=&#8220;#ffffff&#8220; background_color_gradient_direction=&#8220;108deg&#8220; custom_margin=&#8220;0px||0px||true&#8220; custom_padding=&#8220;80px|40px|80px|40px|true|true&#8220; animation_style=&#8220;slide&#8220; animation_direction=&#8220;right&#8220; animation_intensity_slide=&#8220;5%&#8220; border_radii=&#8220;on|20px|20px|20px|20px&#8220; box_shadow_style=&#8220;preset1&#8243; box_shadow_vertical=&#8220;40px&#8220; box_shadow_blur=&#8220;60px&#8220; box_shadow_color=&#8220;rgba(0,64,135,0.06)&#8220; global_colors_info=&#8220;{}&#8220; theme_builder_area=&#8220;post_content&#8220;][et_pb_column_inner saved_specialty_column_type=&#8220;2_3&#8243; _builder_version=&#8220;4.16&#8243; custom_padding=&#8220;|||&#8220; global_colors_info=&#8220;{}&#8220; custom_padding__hover=&#8220;|||&#8220; theme_builder_area=&#8220;post_content&#8220;][et_pb_text _builder_version=&#8220;4.19.4&#8243; text_font=&#8220;Open Sans||||||||&#8220; text_line_height=&#8220;2em&#8220; header_font=&#8220;||||||||&#8220; header_2_font=&#8220;Cantata One||||||||&#8220; header_2_font_size=&#8220;40px&#8220; header_2_line_height=&#8220;1.4em&#8220; text_orientation=&#8220;center&#8220; max_width=&#8220;500px&#8220; module_alignment=&#8220;center&#8220; header_2_font_size_tablet=&#8220;35px&#8220; header_2_font_size_phone=&#8220;25px&#8220; header_2_font_size_last_edited=&#8220;on|phone&#8220; locked=&#8220;off&#8220; global_colors_info=&#8220;{}&#8220; theme_builder_area=&#8220;post_content&#8220;]<\/p>\n<h2>Ein breites Spektrum der zahnmedizinischen Behandlung\u00a0<\/h2>\n<p>In unserer Praxis bieten wir ein breites Spektrum von zahnmedizinischen Behandlungen an. Dieses erstreckt sich \u00fcber die Prophylaxe, kleine chirurgische Eingriffe sowie konservierende und prothetische Behandlungen. Im folgenden geben wir einen kleinen Eindruck unseres<br \/>Behandlungsspektrums.\u00a0<\/p>\n<p>&nbsp;<\/p>\n<p>[\/et_pb_text][\/et_pb_column_inner][\/et_pb_row_inner][\/et_pb_column][\/et_pb_section][et_pb_section fb_built=&#8220;1&#8243; admin_label=&#8220;Services&#8220; _builder_version=&#8220;4.16&#8243; use_background_color_gradient=&#8220;on&#8220; background_color_gradient_stops=&#8220;#ffffff 0%|#f3f5fa 100%&#8220; background_color_gradient_start=&#8220;#ffffff&#8220; background_color_gradient_end=&#8220;#f3f5fa&#8220; locked=&#8220;off&#8220; global_colors_info=&#8220;{}&#8220; theme_builder_area=&#8220;post_content&#8220;][et_pb_row column_structure=&#8220;1_3,1_3,1_3&#8243; _builder_version=&#8220;4.16&#8243; locked=&#8220;off&#8220; global_colors_info=&#8220;{}&#8220; theme_builder_area=&#8220;post_content&#8220;][et_pb_column type=&#8220;1_3&#8243; _builder_version=&#8220;4.16&#8243; custom_padding=&#8220;|||&#8220; global_colors_info=&#8220;{}&#8220; custom_padding__hover=&#8220;|||&#8220; theme_builder_area=&#8220;post_content&#8220;][et_pb_image src=&#8220;https:\/\/dr-raben.de\/wp-content\/uploads\/2023\/05\/dentist-icon-6.png&#8220; align_tablet=&#8220;center&#8220; align_phone=&#8220;center&#8220; align_last_edited=&#8220;on|desktop&#8220; _builder_version=&#8220;4.16&#8243; custom_margin=&#8220;|20px|0px|20px||true&#8220; global_colors_info=&#8220;{}&#8220; theme_builder_area=&#8220;post_content&#8220;][\/et_pb_image][et_pb_text _builder_version=&#8220;4.19.4&#8243; text_font=&#8220;Open Sans||||||||&#8220; text_line_height=&#8220;2em&#8220; link_font=&#8220;||||||||&#8220; ul_font=&#8220;||||||||&#8220; ol_font=&#8220;||||||||&#8220; header_font=&#8220;||||||||&#8220; header_2_font=&#8220;||||||||&#8220; header_3_font=&#8220;Cantata One||||||||&#8220; header_3_font_size=&#8220;20px&#8220; header_3_line_height=&#8220;1.6em&#8220; header_4_font=&#8220;||||||||&#8220; header_5_font=&#8220;||||||||&#8220; header_6_font=&#8220;||||||||&#8220; use_background_color_gradient=&#8220;on&#8220; background_color_gradient_stops=&#8220;rgba(255,255,255,0) 0%|#ffffff 100%&#8220; background_color_gradient_start=&#8220;rgba(255,255,255,0)&#8220; background_color_gradient_end=&#8220;#ffffff&#8220; min_height=&#8220;324px&#8220; custom_margin=&#8220;|||&#8220; custom_padding=&#8220;30px|30px|30px|30px|true|true&#8220; custom_padding_phone=&#8220;|||&#8220; custom_padding_last_edited=&#8220;off|desktop&#8220; header_3_font_size_tablet=&#8220;&#8220; header_3_font_size_phone=&#8220;25px&#8220; header_3_font_size_last_edited=&#8220;on|phone&#8220; border_radii=&#8220;|||10px|10px&#8220; box_shadow_style=&#8220;preset1&#8243; box_shadow_vertical=&#8220;40px&#8220; box_shadow_blur=&#8220;60px&#8220; box_shadow_color=&#8220;rgba(0,64,135,0.06)&#8220; locked=&#8220;off&#8220; global_colors_info=&#8220;{}&#8220; theme_builder_area=&#8220;post_content&#8220;]<\/p>\n<h3>\u00a0F\u00fcllungen<\/h3>\n<p>Karies oder andere Substanzdefekte k\u00f6nnen oft direkt durch das Auff\u00fcllen des Defektes behandelt werden. In unserer Praxis nutzen wir dazu ausschlie\u00dflich hoch\u00e4sthetische Kunststoffe und verzichten auf Amalgam sowie Zemente.\u00a0\u00a0<\/p>\n<p>[\/et_pb_text][\/et_pb_column][et_pb_column type=&#8220;1_3&#8243; _builder_version=&#8220;4.16&#8243; custom_padding=&#8220;|||&#8220; global_colors_info=&#8220;{}&#8220; custom_padding__hover=&#8220;|||&#8220; theme_builder_area=&#8220;post_content&#8220;][et_pb_image src=&#8220;https:\/\/dr-raben.de\/wp-content\/uploads\/2023\/05\/dentist-icon-3.png&#8220; align_tablet=&#8220;center&#8220; align_phone=&#8220;center&#8220; align_last_edited=&#8220;on|desktop&#8220; _builder_version=&#8220;4.16&#8243; custom_margin=&#8220;|20px|0px|20px||true&#8220; global_colors_info=&#8220;{}&#8220; theme_builder_area=&#8220;post_content&#8220;][\/et_pb_image][et_pb_text _builder_version=&#8220;4.19.4&#8243; text_font=&#8220;Open Sans||||||||&#8220; text_line_height=&#8220;2em&#8220; header_font=&#8220;||||||||&#8220; header_3_font=&#8220;Cantata One||||||||&#8220; header_3_font_size=&#8220;20px&#8220; header_3_line_height=&#8220;1.6em&#8220; use_background_color_gradient=&#8220;on&#8220; background_color_gradient_stops=&#8220;rgba(255,255,255,0) 0%|#ffffff 100%&#8220; background_color_gradient_start=&#8220;rgba(255,255,255,0)&#8220; background_color_gradient_end=&#8220;#ffffff&#8220; min_height=&#8220;324px&#8220; custom_margin=&#8220;|||&#8220; custom_padding=&#8220;30px|30px|30px|30px|true|true&#8220; custom_padding_phone=&#8220;|||&#8220; custom_padding_last_edited=&#8220;off|desktop&#8220; header_3_font_size_tablet=&#8220;&#8220; header_3_font_size_phone=&#8220;25px&#8220; header_3_font_size_last_edited=&#8220;on|phone&#8220; border_radii=&#8220;|||10px|10px&#8220; box_shadow_style=&#8220;preset1&#8243; box_shadow_vertical=&#8220;40px&#8220; box_shadow_blur=&#8220;60px&#8220; box_shadow_color=&#8220;rgba(0,64,135,0.06)&#8220; locked=&#8220;off&#8220; global_colors_info=&#8220;{}&#8220; theme_builder_area=&#8220;post_content&#8220;]<\/p>\n<h3>Prophylaxe<\/h3>\n<p>Dies umfasst die Ma\u00dfnahmen zur Erhaltung des Gesundheitszustandes der Z\u00e4hne sowie Kauorgans. Dabei legen wir den Fokus auf regelm\u00e4\u00dfige Kontrollen sowie die professionelle Zahnreinigung.\u00a0\u00a0<\/p>\n<p>&nbsp;<\/p>\n<p>[\/et_pb_text][\/et_pb_column][et_pb_column type=&#8220;1_3&#8243; _builder_version=&#8220;4.16&#8243; custom_padding=&#8220;|||&#8220; global_colors_info=&#8220;{}&#8220; custom_padding__hover=&#8220;|||&#8220; theme_builder_area=&#8220;post_content&#8220;][et_pb_image src=&#8220;https:\/\/dr-raben.de\/wp-content\/uploads\/2023\/05\/Icon-Paro.png&#8220; title_text=&#8220;Icon- Paro&#8220; align_tablet=&#8220;center&#8220; align_phone=&#8220;center&#8220; align_last_edited=&#8220;on|desktop&#8220; _builder_version=&#8220;4.19.4&#8243; custom_margin=&#8220;|20px|0px|20px||true&#8220; global_colors_info=&#8220;{}&#8220; theme_builder_area=&#8220;post_content&#8220;][\/et_pb_image][et_pb_text _builder_version=&#8220;4.19.4&#8243; text_font=&#8220;Open Sans||||||||&#8220; text_line_height=&#8220;2em&#8220; header_font=&#8220;||||||||&#8220; header_3_font=&#8220;Cantata One||||||||&#8220; header_3_font_size=&#8220;20px&#8220; header_3_line_height=&#8220;1.6em&#8220; use_background_color_gradient=&#8220;on&#8220; background_color_gradient_stops=&#8220;rgba(255,255,255,0) 0%|#ffffff 100%&#8220; background_color_gradient_start=&#8220;rgba(255,255,255,0)&#8220; background_color_gradient_end=&#8220;#ffffff&#8220; min_height=&#8220;313px&#8220; custom_margin=&#8220;|||&#8220; custom_padding=&#8220;29px|30px|29px|30px|true|true&#8220; custom_padding_phone=&#8220;|||&#8220; custom_padding_last_edited=&#8220;off|desktop&#8220; header_3_font_size_tablet=&#8220;&#8220; header_3_font_size_phone=&#8220;25px&#8220; header_3_font_size_last_edited=&#8220;on|phone&#8220; border_radii=&#8220;|||10px|10px&#8220; box_shadow_style=&#8220;preset1&#8243; box_shadow_vertical=&#8220;40px&#8220; box_shadow_blur=&#8220;60px&#8220; box_shadow_color=&#8220;rgba(0,64,135,0.06)&#8220; locked=&#8220;off&#8220; global_colors_info=&#8220;{}&#8220; theme_builder_area=&#8220;post_content&#8220;]<\/p>\n<h3>\u00a0Parodontitis<\/h3>\n<p>Parodontitis, fr\u00fcher Paradontose genannt, ist eine entz\u00fcndliche Erkrankung des Zahnhalteapparates und f\u00fchrt zum Knochenabbau bis zum Verlust der Z\u00e4hne. Die Therapie umfasst die Entfernung des urs\u00e4chlichen Biofilms sowie der Bakterien.<\/p>\n<p>[\/et_pb_text][\/et_pb_column][\/et_pb_row][et_pb_row column_structure=&#8220;1_3,1_3,1_3&#8243; _builder_version=&#8220;4.16&#8243; custom_margin=&#8220;40px||40px||true&#8220; locked=&#8220;off&#8220; global_colors_info=&#8220;{}&#8220; theme_builder_area=&#8220;post_content&#8220;][et_pb_column type=&#8220;1_3&#8243; _builder_version=&#8220;4.16&#8243; custom_padding=&#8220;|||&#8220; global_colors_info=&#8220;{}&#8220; custom_padding__hover=&#8220;|||&#8220; theme_builder_area=&#8220;post_content&#8220;][et_pb_image src=&#8220;https:\/\/dr-raben.de\/wp-content\/uploads\/2023\/05\/dentist-icon-5.png&#8220; align_tablet=&#8220;center&#8220; align_phone=&#8220;center&#8220; align_last_edited=&#8220;on|desktop&#8220; _builder_version=&#8220;4.16&#8243; custom_margin=&#8220;|20px|0px|20px||true&#8220; global_colors_info=&#8220;{}&#8220; theme_builder_area=&#8220;post_content&#8220;][\/et_pb_image][et_pb_text _builder_version=&#8220;4.19.4&#8243; text_font=&#8220;Open Sans||||||||&#8220; text_line_height=&#8220;2em&#8220; link_font=&#8220;||||||||&#8220; ul_font=&#8220;||||||||&#8220; ol_font=&#8220;||||||||&#8220; header_font=&#8220;||||||||&#8220; header_2_font=&#8220;||||||||&#8220; header_3_font=&#8220;Cantata One||||||||&#8220; header_3_font_size=&#8220;20px&#8220; header_3_line_height=&#8220;1.6em&#8220; header_4_font=&#8220;||||||||&#8220; header_5_font=&#8220;||||||||&#8220; header_6_font=&#8220;||||||||&#8220; use_background_color_gradient=&#8220;on&#8220; background_color_gradient_stops=&#8220;rgba(255,255,255,0) 0%|#ffffff 100%&#8220; background_color_gradient_start=&#8220;rgba(255,255,255,0)&#8220; background_color_gradient_end=&#8220;#ffffff&#8220; min_height=&#8220;380px&#8220; custom_margin=&#8220;|||&#8220; custom_padding=&#8220;30px|30px|30px|30px|true|true&#8220; custom_padding_phone=&#8220;|||&#8220; custom_padding_last_edited=&#8220;off|desktop&#8220; header_3_font_size_tablet=&#8220;&#8220; header_3_font_size_phone=&#8220;25px&#8220; header_3_font_size_last_edited=&#8220;on|phone&#8220; border_radii=&#8220;|||10px|10px&#8220; box_shadow_style=&#8220;preset1&#8243; box_shadow_vertical=&#8220;40px&#8220; box_shadow_blur=&#8220;60px&#8220; box_shadow_color=&#8220;rgba(0,64,135,0.06)&#8220; locked=&#8220;off&#8220; global_colors_info=&#8220;{}&#8220; theme_builder_area=&#8220;post_content&#8220;]<\/p>\n<h3>Bleaching<\/h3>\n<p>Verf\u00e4rbungen des Zahnes k\u00f6nnen \u00e4u\u00dferlich sowie von innen Entstehen. \u00c4u\u00dferliche Verf\u00e4rbungen\u00a0 k\u00f6nnen z.B. altersbedingt sein oder durch Nahrungsbestandteile auftreten. Innerliche Verf\u00e4rbungen sind oft Folge eines Traumas oder einer Wurzelkanalbehandlung. In beiden F\u00e4llen kann oft durch ein Bleaching die Zahnfarbe verbessert werden.\u00a0<\/p>\n<p>[\/et_pb_text][\/et_pb_column][et_pb_column type=&#8220;1_3&#8243; _builder_version=&#8220;4.16&#8243; custom_padding=&#8220;|||&#8220; global_colors_info=&#8220;{}&#8220; custom_padding__hover=&#8220;|||&#8220; theme_builder_area=&#8220;post_content&#8220;][et_pb_image src=&#8220;https:\/\/dr-raben.de\/wp-content\/uploads\/2023\/05\/dentist-icon-1.png&#8220; align_tablet=&#8220;center&#8220; align_phone=&#8220;center&#8220; align_last_edited=&#8220;on|desktop&#8220; _builder_version=&#8220;4.16&#8243; custom_margin=&#8220;|20px|0px|20px||true&#8220; global_colors_info=&#8220;{}&#8220; theme_builder_area=&#8220;post_content&#8220;][\/et_pb_image][et_pb_text _builder_version=&#8220;4.19.4&#8243; text_font=&#8220;Open Sans||||||||&#8220; text_line_height=&#8220;2em&#8220; header_font=&#8220;||||||||&#8220; header_3_font=&#8220;Cantata One||||||||&#8220; header_3_font_size=&#8220;20px&#8220; header_3_line_height=&#8220;1.6em&#8220; use_background_color_gradient=&#8220;on&#8220; background_color_gradient_stops=&#8220;rgba(255,255,255,0) 0%|#ffffff 100%&#8220; background_color_gradient_start=&#8220;rgba(255,255,255,0)&#8220; background_color_gradient_end=&#8220;#ffffff&#8220; min_height=&#8220;383px&#8220; custom_margin=&#8220;||3px|||&#8220; custom_padding=&#8220;30px|30px|30px|30px|true|true&#8220; custom_padding_phone=&#8220;|||&#8220; custom_padding_last_edited=&#8220;off|desktop&#8220; header_3_font_size_tablet=&#8220;&#8220; header_3_font_size_phone=&#8220;25px&#8220; header_3_font_size_last_edited=&#8220;on|phone&#8220; border_radii=&#8220;|||10px|10px&#8220; box_shadow_style=&#8220;preset1&#8243; box_shadow_vertical=&#8220;40px&#8220; box_shadow_blur=&#8220;60px&#8220; box_shadow_color=&#8220;rgba(0,64,135,0.06)&#8220; locked=&#8220;off&#8220; global_colors_info=&#8220;{}&#8220; theme_builder_area=&#8220;post_content&#8220;]<\/p>\n<h3>Teilkronen\/Inlays<\/h3>\n<p>Kleine Defekte k\u00f6nnen oft durch Kunststoffe direkt gef\u00fcllt werden. Gr\u00f6\u00dfere Defekte m\u00fcssen dahingegen mit einem im Labor gefertigten Inlay oder einer Teilkrone aufgef\u00fcllt werden. Als Materialien bieten wir \u00e4sthetische Keramiken sowie die klassischen Varianten aus z.B Gold an.<\/p>\n<p>[\/et_pb_text][\/et_pb_column][et_pb_column type=&#8220;1_3&#8243; _builder_version=&#8220;4.16&#8243; custom_padding=&#8220;|||&#8220; global_colors_info=&#8220;{}&#8220; custom_padding__hover=&#8220;|||&#8220; theme_builder_area=&#8220;post_content&#8220;][et_pb_image src=&#8220;https:\/\/dr-raben.de\/wp-content\/uploads\/2023\/05\/dentist-icon-4.png&#8220; align_tablet=&#8220;center&#8220; align_phone=&#8220;center&#8220; align_last_edited=&#8220;on|desktop&#8220; _builder_version=&#8220;4.16&#8243; custom_margin=&#8220;|20px|0px|20px||true&#8220; global_colors_info=&#8220;{}&#8220; theme_builder_area=&#8220;post_content&#8220;][\/et_pb_image][et_pb_text _builder_version=&#8220;4.19.4&#8243; text_font=&#8220;Open Sans||||||||&#8220; text_line_height=&#8220;2em&#8220; header_font=&#8220;||||||||&#8220; header_3_font=&#8220;Cantata One||||||||&#8220; header_3_font_size=&#8220;20px&#8220; header_3_line_height=&#8220;1.6em&#8220; use_background_color_gradient=&#8220;on&#8220; background_color_gradient_stops=&#8220;rgba(255,255,255,0) 0%|#ffffff 100%&#8220; background_color_gradient_start=&#8220;rgba(255,255,255,0)&#8220; background_color_gradient_end=&#8220;#ffffff&#8220; min_height=&#8220;380px&#8220; custom_margin=&#8220;|||&#8220; custom_padding=&#8220;30px|30px|30px|30px|true|true&#8220; custom_padding_phone=&#8220;|||&#8220; custom_padding_last_edited=&#8220;off|desktop&#8220; header_3_font_size_tablet=&#8220;&#8220; header_3_font_size_phone=&#8220;25px&#8220; header_3_font_size_last_edited=&#8220;on|phone&#8220; border_radii=&#8220;|||10px|10px&#8220; box_shadow_style=&#8220;preset1&#8243; box_shadow_vertical=&#8220;40px&#8220; box_shadow_blur=&#8220;60px&#8220; box_shadow_color=&#8220;rgba(0,64,135,0.06)&#8220; locked=&#8220;off&#8220; global_colors_info=&#8220;{}&#8220; theme_builder_area=&#8220;post_content&#8220;]<\/p>\n<h3>Implantate<\/h3>\n<p><span style=\"font-size: 14px;\">Implantaten werden genutzt um k\u00fcnstliche Zahnwurzeln zu schaffen und um einen Zahnersatz auf dieser zu befestigen. Wir bieten in unserer Praxis dabei die Insertion von Einzelimplantaten an.\u00a0<\/span><\/p>\n<p>[\/et_pb_text][\/et_pb_column][\/et_pb_row][et_pb_row column_structure=&#8220;1_3,1_3,1_3&#8243; _builder_version=&#8220;4.16&#8243; custom_margin=&#8220;40px||40px||true&#8220; locked=&#8220;off&#8220; global_colors_info=&#8220;{}&#8220; theme_builder_area=&#8220;post_content&#8220;][et_pb_column type=&#8220;1_3&#8243; _builder_version=&#8220;4.16&#8243; custom_padding=&#8220;|||&#8220; global_colors_info=&#8220;{}&#8220; custom_padding__hover=&#8220;|||&#8220; theme_builder_area=&#8220;post_content&#8220;][et_pb_image src=&#8220;https:\/\/dr-raben.de\/wp-content\/uploads\/2023\/05\/Icon-Endo.png&#8220; title_text=&#8220;Icon-Endo&#8220; align_tablet=&#8220;center&#8220; align_phone=&#8220;center&#8220; align_last_edited=&#8220;on|desktop&#8220; _builder_version=&#8220;4.19.4&#8243; custom_margin=&#8220;|20px|0px|20px||true&#8220; global_colors_info=&#8220;{}&#8220; theme_builder_area=&#8220;post_content&#8220;][\/et_pb_image][et_pb_text _builder_version=&#8220;4.19.4&#8243; text_font=&#8220;Open Sans||||||||&#8220; text_line_height=&#8220;2em&#8220; link_font=&#8220;||||||||&#8220; ul_font=&#8220;||||||||&#8220; ol_font=&#8220;||||||||&#8220; header_font=&#8220;||||||||&#8220; header_2_font=&#8220;||||||||&#8220; header_3_font=&#8220;Cantata One||||||||&#8220; header_3_font_size=&#8220;20px&#8220; header_3_line_height=&#8220;1.6em&#8220; header_4_font=&#8220;||||||||&#8220; header_5_font=&#8220;||||||||&#8220; header_6_font=&#8220;||||||||&#8220; use_background_color_gradient=&#8220;on&#8220; background_color_gradient_stops=&#8220;rgba(255,255,255,0) 0%|#ffffff 100%&#8220; background_color_gradient_start=&#8220;rgba(255,255,255,0)&#8220; background_color_gradient_end=&#8220;#ffffff&#8220; min_height=&#8220;384px&#8220; custom_margin=&#8220;|||&#8220; custom_padding=&#8220;30px|30px|30px|30px|true|true&#8220; custom_padding_phone=&#8220;|||&#8220; custom_padding_last_edited=&#8220;off|desktop&#8220; header_3_font_size_tablet=&#8220;&#8220; header_3_font_size_phone=&#8220;25px&#8220; header_3_font_size_last_edited=&#8220;on|phone&#8220; border_radii=&#8220;|||10px|10px&#8220; box_shadow_style=&#8220;preset1&#8243; box_shadow_vertical=&#8220;40px&#8220; box_shadow_blur=&#8220;60px&#8220; box_shadow_color=&#8220;rgba(0,64,135,0.06)&#8220; locked=&#8220;off&#8220; global_colors_info=&#8220;{}&#8220; theme_builder_area=&#8220;post_content&#8220;]<\/p>\n<h3>Endodontie<\/h3>\n<p>Die Wurzelkanalbehandlung dient zur Entfernung von infiziertem oder &#8222;totem&#8220; Gewebe aus den Wurzelkan\u00e4len. Diese l\u00f6sen eine Entz\u00fcndung im Zahn und ggf. im Knochen aus. Die Behandlung umfasst die mechanische Aufbereitung und desinfizierende Sp\u00fclung des Wurzelkanals sowie die abschlie\u00dfende F\u00fcllung<\/p>\n<p>[\/et_pb_text][\/et_pb_column][et_pb_column type=&#8220;1_3&#8243; _builder_version=&#8220;4.16&#8243; custom_padding=&#8220;|||&#8220; global_colors_info=&#8220;{}&#8220; custom_padding__hover=&#8220;|||&#8220; theme_builder_area=&#8220;post_content&#8220;][et_pb_image src=&#8220;https:\/\/dr-raben.de\/wp-content\/uploads\/2023\/05\/Icon-Krone.png&#8220; title_text=&#8220;Icon-Krone&#8220; align_tablet=&#8220;center&#8220; align_phone=&#8220;center&#8220; align_last_edited=&#8220;on|desktop&#8220; _builder_version=&#8220;4.19.4&#8243; custom_margin=&#8220;|20px|0px|20px||true&#8220; global_colors_info=&#8220;{}&#8220; theme_builder_area=&#8220;post_content&#8220;][\/et_pb_image][et_pb_text _builder_version=&#8220;4.19.4&#8243; text_font=&#8220;Open Sans||||||||&#8220; text_line_height=&#8220;2em&#8220; header_font=&#8220;||||||||&#8220; header_3_font=&#8220;Cantata One||||||||&#8220; header_3_font_size=&#8220;20px&#8220; header_3_line_height=&#8220;1.6em&#8220; use_background_color_gradient=&#8220;on&#8220; background_color_gradient_stops=&#8220;rgba(255,255,255,0) 0%|#ffffff 100%&#8220; background_color_gradient_start=&#8220;rgba(255,255,255,0)&#8220; background_color_gradient_end=&#8220;#ffffff&#8220; min_height=&#8220;382px&#8220; custom_margin=&#8220;|||&#8220; custom_padding=&#8220;30px|30px|30px|30px|true|true&#8220; custom_padding_phone=&#8220;|||&#8220; custom_padding_last_edited=&#8220;off|desktop&#8220; header_3_font_size_tablet=&#8220;&#8220; header_3_font_size_phone=&#8220;25px&#8220; header_3_font_size_last_edited=&#8220;on|phone&#8220; border_radii=&#8220;|||10px|10px&#8220; box_shadow_style=&#8220;preset1&#8243; box_shadow_vertical=&#8220;40px&#8220; box_shadow_blur=&#8220;60px&#8220; box_shadow_color=&#8220;rgba(0,64,135,0.06)&#8220; locked=&#8220;off&#8220; global_colors_info=&#8220;{}&#8220; theme_builder_area=&#8220;post_content&#8220;]<\/p>\n<h3>Kronen und Zahnersatz<\/h3>\n<p>Dies umfasst das Ersetzen verlorengegangener Zahne mittels festsitzendem oder herausnehmbarem Zahnersatz sowie das \u00dcberkronen von stark zerst\u00f6rten Z\u00e4hnen.\u00a0<\/p>\n<p>&nbsp;<\/p>\n<p>[\/et_pb_text][\/et_pb_column][et_pb_column type=&#8220;1_3&#8243; _builder_version=&#8220;4.16&#8243; custom_padding=&#8220;|||&#8220; global_colors_info=&#8220;{}&#8220; custom_padding__hover=&#8220;|||&#8220; theme_builder_area=&#8220;post_content&#8220;][\/et_pb_column][\/et_pb_row][\/et_pb_section]<\/p>\n","protected":false},"excerpt":{"rendered":"<p>Zahnmedizin f\u00fcr die ganze FamilieEin breites Spektrum der zahnmedizinischen Behandlung\u00a0 In unserer Praxis bieten wir ein breites Spektrum von zahnmedizinischen Behandlungen an. Dieses erstreckt sich \u00fcber die Prophylaxe, kleine chirurgische Eingriffe sowie konservierende und prothetische Behandlungen. Im folgenden geben wir einen kleinen Eindruck unseresBehandlungsspektrums.\u00a0 &nbsp;\u00a0F\u00fcllungen Karies oder andere Substanzdefekte k\u00f6nnen oft direkt durch das Auff\u00fcllen [&hellip;]<\/p>\n","protected":false},"author":1,"featured_media":0,"parent":30,"menu_order":1,"comment_status":"closed","ping_status":"closed","template":"","meta":{"_et_pb_use_builder":"on","_et_pb_old_content":"","_et_gb_content_width":""},"_links":{"self":[{"href":"https:\/\/dr-raben.de\/index.php?rest_route=\/wp\/v2\/pages\/45"}],"collection":[{"href":"https:\/\/dr-raben.de\/index.php?rest_route=\/wp\/v2\/pages"}],"about":[{"href":"https:\/\/dr-raben.de\/index.php?rest_route=\/wp\/v2\/types\/page"}],"author":[{"embeddable":true,"href":"https:\/\/dr-raben.de\/index.php?rest_route=\/wp\/v2\/users\/1"}],"replies":[{"embeddable":true,"href":"https:\/\/dr-raben.de\/index.php?rest_route=%2Fwp%2Fv2%2Fcomments&post=45"}],"version-history":[{"count":2,"href":"https:\/\/dr-raben.de\/index.php?rest_route=\/wp\/v2\/pages\/45\/revisions"}],"predecessor-version":[{"id":55,"href":"https:\/\/dr-raben.de\/index.php?rest_route=\/wp\/v2\/pages\/45\/revisions\/55"}],"up":[{"embeddable":true,"href":"https:\/\/dr-raben.de\/index.php?rest_route=\/wp\/v2\/pages\/30"}],"wp:attachment":[{"href":"https:\/\/dr-raben.de\/index.php?rest_route=%2Fwp%2Fv2%2Fmedia&parent=45"}],"curies":[{"name":"wp","href":"https:\/\/api.w.org\/{rel}","templated":true}]}}