{"id":42,"date":"2023-05-04T11:29:59","date_gmt":"2023-05-04T11:29:59","guid":{"rendered":"https:\/\/dr-raben.de\/?page_id=42"},"modified":"2023-05-04T11:30:00","modified_gmt":"2023-05-04T11:30:00","slug":"impressum","status":"publish","type":"page","link":"https:\/\/dr-raben.de\/?page_id=42","title":{"rendered":"Impressum"},"content":{"rendered":"<p>[et_pb_section fb_built=&#8220;1&#8243; _builder_version=&#8220;4.19.4&#8243; _module_preset=&#8220;default&#8220; global_colors_info=&#8220;{}&#8220; theme_builder_area=&#8220;post_content&#8220;][et_pb_row _builder_version=&#8220;4.19.4&#8243; _module_preset=&#8220;default&#8220; global_colors_info=&#8220;{}&#8220; theme_builder_area=&#8220;post_content&#8220;][et_pb_column type=&#8220;4_4&#8243; _builder_version=&#8220;4.19.4&#8243; _module_preset=&#8220;default&#8220; global_colors_info=&#8220;{}&#8220; theme_builder_area=&#8220;post_content&#8220;][et_pb_text _builder_version=&#8220;4.19.4&#8243; _module_preset=&#8220;default&#8220; global_colors_info=&#8220;{}&#8220; theme_builder_area=&#8220;post_content&#8220;]<\/p>\n<h1><\/h1>\n<h1>Impressum<\/h1>\n<h2>Angaben gem\u00e4\u00df \u00a7 5 TMG<\/h2>\n<p>\u00a0<br \/>Zahnarzt Martin H\u00f6lzer<br \/>Hildebrandtstr 24e<br \/>40215 D\u00fcsseldorf<\/p>\n<h2>Kontakt<\/h2>\n<p>Telefon: +49 (0) 211 \/ 349920<br \/>E-Mail: info@mein-zahnteam.de<\/p>\n<h2>Aufsichtsbeh\u00f6rden<\/h2>\n<p>Zahn\u00e4rztekammer Nordrhein<br \/>Hammfelddamm 11<br \/>40460 Neuss<br \/>Tel.: 02131 \/ 53119-0<br \/>Telefax: 02131 \/ 53119-406<br \/>E-Mail: info@zaek-nr.de<br \/>Web: https:\/\/www.zahnaerztekammernordrhein.de<\/p>\n<p>Kassenzahn\u00e4rztliche Vereinigung Nordrhein<br \/>Lindemannstr. 34-42<br \/>40237 D\u00fcsseldorf<br \/>Telefon: 0211-96 840<br \/>E-Mail: info@kzvnr.de<br \/>Web: https:\/\/www.kzvnr.de<\/p>\n<p>Approbationsbeh\u00f6rde:<br \/>Bezirksregierung K\u00f6ln<br \/>Zeughausstr. 2-10<br \/>50667 K\u00f6ln<br \/>Telefon: +49 (0)221-147-0<br \/>E-Mail: poststelle@bezreg-koeln.nrw.de<br \/>Webseite: https:\/\/www.bezreg-koeln.nrw.de<\/p>\n<h2>Berufsbezeichnung und berufsrechtliche Regelungen<\/h2>\n<p>Berufsbezeichnung:<br \/>Zahnarzt<\/p>\n<p>Zust\u00e4ndige Kammer:<br \/>Zahn\u00e4rztekammer Nordrhein<br \/>Hammfelddamm 11<br \/>40460 Neuss<br \/>Tel.: 02131 \/ 53119-0<br \/>Telefax: 02131 \/ 53119-406<br \/>E-Mail: info@zaek-nr.de<br \/>Web: https:\/\/www.zahnaerztekammernordrhein.de<\/p>\n<p>Verliehen in:<br \/>Deutschland<\/p>\n<h2>Berufsrechtliche Regelungen<\/h2>\n<p>Zahnheilkundegesetz<br \/>einsehbar unter:<span>\u00a0<\/span><a href=\"http:\/\/www.gesetze-im-internet.de\/zhg\/BJNR002210952.html\" target=\"_blank\" rel=\"noopener noreferrer\">http:\/\/www.gesetze-im-internet.de\/zhg\/BJNR002210952.html<\/a><\/p>\n<p>Heilberufsgesetz NRW<br \/>einsehbar unter:<span>\u00a0<\/span><a href=\"https:\/\/recht.nrw.de\/lmi\/owa\/br_text_anzeigen?v_id=10000000000000000065\" target=\"_blank\" rel=\"noopener noreferrer\">https:\/\/recht.nrw.de\/lmi\/owa\/br_text_anzeigen?v_id=10000000000000000065<\/a><\/p>\n<p>Berufsordnung f\u00fcr Zahn\u00e4rzte<br \/>einsehbar unter:<span>\u00a0<\/span><a href=\"https:\/\/www.zahnaerztekammernordrhein.de\/fileadmin\/user_upload\/Downloads\/Rechtsvorschriften\/Berufsordnung_der_ZAEK_Nordrhein.pdf\" target=\"_blank\" rel=\"noopener noreferrer\">https:\/\/www.zahnaerztekammernordrhein.de\/fileadmin\/user_upload\/Downloads\/Rechtsvorschriften\/Berufsordnung_der_ZAEK_Nordrhein.pdf<\/a><\/p>\n<p>Weiterbildungsordnung der Zahn\u00e4rztekammer Nordrhein<br \/>einsehbar unter:<span>\u00a0<\/span><a href=\"https:\/\/www.zahnaerztekammernordrhein.de\/fuer-die-praxis-beruf-wissen\/weiterbildung\/\" target=\"_blank\" rel=\"noopener noreferrer\">https:\/\/www.zahnaerztekammernordrhein.de\/fuer-die-praxis-beruf-wissen\/weiterbildung\/<\/a><\/p>\n<p>Geb\u00fchrenordnung f\u00fcr Zahn\u00e4rzte<br \/>einsehbar unter:<span>\u00a0<\/span><a href=\"http:\/\/www.gesetze-im-internet.de\/goz_1987\/\" target=\"_blank\" rel=\"noopener noreferrer\">http:\/\/www.gesetze-im-internet.de\/goz_1987\/<\/a><\/p>\n<p>&nbsp;<\/p>\n<p>&nbsp;<\/p>\n<p>[\/et_pb_text][\/et_pb_column][\/et_pb_row][\/et_pb_section]<\/p>\n","protected":false},"excerpt":{"rendered":"<p>Impressum Angaben gem\u00e4\u00df \u00a7 5 TMG \u00a0Zahnarzt Martin H\u00f6lzerHildebrandtstr 24e40215 D\u00fcsseldorf Kontakt Telefon: +49 (0) 211 \/ 349920E-Mail: info@mein-zahnteam.de Aufsichtsbeh\u00f6rden Zahn\u00e4rztekammer NordrheinHammfelddamm 1140460 NeussTel.: 02131 \/ 53119-0Telefax: 02131 \/ 53119-406E-Mail: info@zaek-nr.deWeb: https:\/\/www.zahnaerztekammernordrhein.de Kassenzahn\u00e4rztliche Vereinigung NordrheinLindemannstr. 34-4240237 D\u00fcsseldorfTelefon: 0211-96 840E-Mail: info@kzvnr.deWeb: https:\/\/www.kzvnr.de Approbationsbeh\u00f6rde:Bezirksregierung K\u00f6lnZeughausstr. 2-1050667 K\u00f6lnTelefon: +49 (0)221-147-0E-Mail: poststelle@bezreg-koeln.nrw.deWebseite: https:\/\/www.bezreg-koeln.nrw.de Berufsbezeichnung und berufsrechtliche Regelungen Berufsbezeichnung:Zahnarzt Zust\u00e4ndige [&hellip;]<\/p>\n","protected":false},"author":1,"featured_media":0,"parent":30,"menu_order":1,"comment_status":"closed","ping_status":"closed","template":"","meta":{"_et_pb_use_builder":"on","_et_pb_old_content":"","_et_gb_content_width":""},"_links":{"self":[{"href":"https:\/\/dr-raben.de\/index.php?rest_route=\/wp\/v2\/pages\/42"}],"collection":[{"href":"https:\/\/dr-raben.de\/index.php?rest_route=\/wp\/v2\/pages"}],"about":[{"href":"https:\/\/dr-raben.de\/index.php?rest_route=\/wp\/v2\/types\/page"}],"author":[{"embeddable":true,"href":"https:\/\/dr-raben.de\/index.php?rest_route=\/wp\/v2\/users\/1"}],"replies":[{"embeddable":true,"href":"https:\/\/dr-raben.de\/index.php?rest_route=%2Fwp%2Fv2%2Fcomments&post=42"}],"version-history":[{"count":2,"href":"https:\/\/dr-raben.de\/index.php?rest_route=\/wp\/v2\/pages\/42\/revisions"}],"predecessor-version":[{"id":44,"href":"https:\/\/dr-raben.de\/index.php?rest_route=\/wp\/v2\/pages\/42\/revisions\/44"}],"up":[{"embeddable":true,"href":"https:\/\/dr-raben.de\/index.php?rest_route=\/wp\/v2\/pages\/30"}],"wp:attachment":[{"href":"https:\/\/dr-raben.de\/index.php?rest_route=%2Fwp%2Fv2%2Fmedia&parent=42"}],"curies":[{"name":"wp","href":"https:\/\/api.w.org\/{rel}","templated":true}]}}