{"id":30,"date":"2023-05-04T10:50:57","date_gmt":"2023-05-04T10:50:57","guid":{"rendered":"https:\/\/dr-raben.de\/?page_id=30"},"modified":"2023-05-04T17:19:46","modified_gmt":"2023-05-04T17:19:46","slug":"30-2","status":"publish","type":"page","link":"https:\/\/dr-raben.de\/","title":{"rendered":"Startseite neu"},"content":{"rendered":"<p>[et_pb_section fb_built=&#8220;1&#8243; custom_padding_last_edited=&#8220;on|phone&#8220; disabled_on=&#8220;on|on|off&#8220; admin_label=&#8220;Header&#8220; _builder_version=&#8220;4.20.4&#8243; use_background_color_gradient=&#8220;on&#8220; background_color_gradient_type=&#8220;circular&#8220; background_color_gradient_direction_radial=&#8220;right&#8220; background_color_gradient_stops=&#8220;rgba(255,255,255,0) 0%|#f9fafc 100%&#8220; background_color_gradient_overlays_image=&#8220;on&#8220; background_color_gradient_start=&#8220;rgba(255,255,255,0)&#8220; background_color_gradient_end=&#8220;#f9fafc&#8220; background_enable_image=&#8220;off&#8220; background_size=&#8220;contain&#8220; height=&#8220;1000px&#8220; custom_margin=&#8220;|||&#8220; custom_padding=&#8220;0vw||0vw||true|false&#8220; custom_padding_tablet=&#8220;||||false|false&#8220; custom_padding_phone=&#8220;||||false|false&#8220; collapsed=&#8220;off&#8220; global_colors_info=&#8220;{}&#8220;][et_pb_row disabled_on=&#8220;on|on|off&#8220; _builder_version=&#8220;4.19.4&#8243; max_width=&#8220;1280px&#8220; min_height=&#8220;877.4px&#8220; custom_margin=&#8220;|auto|-1px|auto||&#8220; custom_padding=&#8220;171px|||101px||&#8220; use_custom_width=&#8220;on&#8220; custom_width_px=&#8220;1280px&#8220; global_colors_info=&#8220;{}&#8220;][et_pb_column type=&#8220;4_4&#8243; _builder_version=&#8220;4.16&#8243; custom_padding=&#8220;|||&#8220; global_colors_info=&#8220;{}&#8220; custom_padding__hover=&#8220;|||&#8220;][et_pb_text admin_label=&#8220;Text&#8220; _builder_version=&#8220;4.20.4&#8243; _module_preset=&#8220;default&#8220; text_font_size=&#8220;17px&#8220; header_font=&#8220;||||||||&#8220; header_text_align=&#8220;center&#8220; header_font_size=&#8220;27px&#8220; header_2_text_align=&#8220;right&#8220; header_4_font=&#8220;||||||||&#8220; header_4_text_align=&#8220;center&#8220; header_4_font_size=&#8220;54px&#8220; width=&#8220;100%&#8220; custom_margin=&#8220;-173px|130px||-2px|false|false&#8220; custom_padding=&#8220;19px|30px|25px||false|false&#8220; global_colors_info=&#8220;{}&#8220; custom_padding__hover_enabled=&#8220;on|desktop&#8220; custom_padding__hover=&#8220;|30px|||false|false&#8220;]<\/p>\n<h4>Dr. Uwe Raben<\/h4>\n<h4>Zahnarzt in D\u00fcsseldorf<\/h4>\n<p>[\/et_pb_text][et_pb_image src=&#8220;https:\/\/dr-raben.de\/wp-content\/uploads\/2023\/05\/0021_BUSINESS_Mein_Zahnarztteam_20230323_bea_l_Favorit_WEB.jpg&#8220; alt=&#8220;Zahnarzt Dr. Uwe Raben Zahnarzt Martin H\u00f6lzer D\u00fcsseldorf&#8220; title_text=&#8220;Zahnarzt Dr. Uwe Raben Zahnarzt Martin H\u00f6lzer D\u00fcsseldorf&#8220; src_tablet=&#8220;https:\/\/dr-raben.de\/wp-content\/uploads\/2023\/05\/0021_BUSINESS_Mein_Zahnarztteam_20230323_bea_l_Favorit_WEB.jpg&#8220; src_phone=&#8220;https:\/\/dr-raben.de\/wp-content\/uploads\/2023\/05\/0021_BUSINESS_Mein_Zahnarztteam_20230323_bea_l_Favorit_WEB.jpg&#8220; src_last_edited=&#8220;on|desktop&#8220; _builder_version=&#8220;4.20.4&#8243; _module_preset=&#8220;default&#8220; custom_margin=&#8220;||28px|||&#8220; global_colors_info=&#8220;{}&#8220;][\/et_pb_image][et_pb_button button_url=&#8220;https:\/\/densontime.online\/calendar\/applet\/appointment\/826cd36f-e6bb-4af5-8074-148816451067&#8243; button_text=&#8220;Termin buchen&#8220; button_alignment=&#8220;center&#8220; disabled_on=&#8220;on|on|off&#8220; admin_label=&#8220;Button&#8220; _builder_version=&#8220;4.20.4&#8243; custom_button=&#8220;on&#8220; button_text_size=&#8220;33px&#8220; button_text_color=&#8220;#ffffff&#8220; button_bg_color=&#8220;#52a8ff&#8220; button_border_width=&#8220;10px&#8220; button_border_color=&#8220;rgba(0,0,0,0)&#8220; button_border_radius=&#8220;100px&#8220; button_font=&#8220;||||||||&#8220; custom_margin=&#8220;10px|-105px||-127px|false|false&#8220; custom_padding=&#8220;0px|10px|0px|10px|false|false&#8220; animation_style=&#8220;slide&#8220; animation_direction=&#8220;bottom&#8220; button_text_color_tablet=&#8220;#ffffff&#8220; button_text_color_phone=&#8220;#ffffff&#8220; button_text_color_last_edited=&#8220;on|desktop&#8220; button_text_color_hover=&#8220;#ffffff&#8220; button_border_color_hover=&#8220;rgba(0,0,0,0)&#8220; button_border_radius_hover=&#8220;100px&#8220; button_bg_color_hover=&#8220;#0059c3&#8243; global_colors_info=&#8220;{}&#8220; button_text_size__hover_enabled=&#8220;off&#8220; button_one_text_size__hover_enabled=&#8220;off&#8220; button_two_text_size__hover_enabled=&#8220;off&#8220; button_text_color__hover_enabled=&#8220;on&#8220; button_text_color__hover=&#8220;#ffffff&#8220; button_one_text_color__hover_enabled=&#8220;off&#8220; button_two_text_color__hover_enabled=&#8220;off&#8220; button_border_width__hover_enabled=&#8220;off&#8220; button_one_border_width__hover_enabled=&#8220;off&#8220; button_two_border_width__hover_enabled=&#8220;off&#8220; button_border_color__hover_enabled=&#8220;on&#8220; button_border_color__hover=&#8220;rgba(0,0,0,0)&#8220; button_one_border_color__hover_enabled=&#8220;off&#8220; button_two_border_color__hover_enabled=&#8220;off&#8220; button_border_radius__hover_enabled=&#8220;on&#8220; button_border_radius__hover=&#8220;100px&#8220; button_one_border_radius__hover_enabled=&#8220;off&#8220; button_two_border_radius__hover_enabled=&#8220;off&#8220; button_letter_spacing__hover_enabled=&#8220;off&#8220; button_one_letter_spacing__hover_enabled=&#8220;off&#8220; button_two_letter_spacing__hover_enabled=&#8220;off&#8220; button_bg_color__hover_enabled=&#8220;on&#8220; button_bg_color__hover=&#8220;#0059c3&#8243; button_one_bg_color__hover_enabled=&#8220;off&#8220; button_two_bg_color__hover_enabled=&#8220;off&#8220;][\/et_pb_button][\/et_pb_column][\/et_pb_row][\/et_pb_section][et_pb_section fb_built=&#8220;1&#8243; _builder_version=&#8220;4.20.4&#8243; _module_preset=&#8220;default&#8220; custom_padding=&#8220;103px|||||&#8220; global_colors_info=&#8220;{}&#8220;][et_pb_row _builder_version=&#8220;4.20.4&#8243; _module_preset=&#8220;default&#8220; custom_margin=&#8220;-28px|auto||auto||&#8220; custom_padding=&#8220;0px|||||&#8220; global_colors_info=&#8220;{}&#8220;][et_pb_column type=&#8220;4_4&#8243; _builder_version=&#8220;4.20.4&#8243; _module_preset=&#8220;default&#8220; global_colors_info=&#8220;{}&#8220;][et_pb_text disabled_on=&#8220;off|off|on&#8220; _builder_version=&#8220;4.20.4&#8243; _module_preset=&#8220;default&#8220; text_font=&#8220;|600|||||||&#8220; text_font_size=&#8220;17px&#8220; text_orientation=&#8220;center&#8220; custom_margin=&#8220;-73px|||||&#8220; global_colors_info=&#8220;{}&#8220;]<\/p>\n<p>Dr. Uwe Raben Zahnarzt in D\u00fcsseldorf<\/p>\n<p>[\/et_pb_text][et_pb_image src=&#8220;https:\/\/dr-raben.de\/wp-content\/uploads\/2023\/05\/0021_BUSINESS_Mein_Zahnarztteam_20230323_bea_l_Favorit_WEB-1024&#215;682.jpg&#8220; alt=&#8220;Zahnarzt Dr. Uwe Raben Zahnarzt Martin H\u00f6lzer D\u00fcsseldorf&#8220; title_text=&#8220;Zahnarzt Dr. Uwe Raben Zahnarzt Martin H\u00f6lzer D\u00fcsseldorf&#8220; disabled_on=&#8220;off|off|on&#8220; _builder_version=&#8220;4.20.4&#8243; _module_preset=&#8220;default&#8220; custom_margin=&#8220;-24px|||||&#8220; global_colors_info=&#8220;{}&#8220;][\/et_pb_image][\/et_pb_column][\/et_pb_row][\/et_pb_section][et_pb_section fb_built=&#8220;1&#8243; disabled_on=&#8220;off|off|on&#8220; _builder_version=&#8220;4.19.4&#8243; _module_preset=&#8220;default&#8220; custom_padding=&#8220;0px||3px|||&#8220; collapsed=&#8220;on&#8220; global_colors_info=&#8220;{}&#8220;][et_pb_row _builder_version=&#8220;4.19.4&#8243; _module_preset=&#8220;default&#8220; custom_padding=&#8220;5px|||||&#8220; global_colors_info=&#8220;{}&#8220;][et_pb_column type=&#8220;4_4&#8243; _builder_version=&#8220;4.19.4&#8243; _module_preset=&#8220;default&#8220; global_colors_info=&#8220;{}&#8220;][et_pb_button button_url=&#8220;https:\/\/densontime.online\/calendar\/applet\/appointment\/826cd36f-e6bb-4af5-8074-148816451067&#8243; url_new_window=&#8220;on&#8220; button_text=&#8220;Termin vereinbaren&#8220; button_alignment=&#8220;center&#8220; disabled_on=&#8220;off|off|on&#8220; admin_label=&#8220;Button&#8220; _builder_version=&#8220;4.20.4&#8243; _module_preset=&#8220;default&#8220; custom_button=&#8220;on&#8220; button_text_color=&#8220;#FFFFFF&#8220; button_bg_color=&#8220;#0C71C3&#8243; button_border_color=&#8220;RGBA(255,255,255,0)&#8220; button_border_radius=&#8220;100px&#8220; button_font=&#8220;|600|||||||&#8220; background_layout=&#8220;dark&#8220; custom_margin=&#8220;||||false|false&#8220; custom_padding=&#8220;5px|20px|5px|20px|false|false&#8220; global_colors_info=&#8220;{}&#8220;][\/et_pb_button][\/et_pb_column][\/et_pb_row][\/et_pb_section][et_pb_section fb_built=&#8220;1&#8243; _builder_version=&#8220;4.19.4&#8243; _module_preset=&#8220;default&#8220; min_height=&#8220;170px&#8220; custom_margin=&#8220;11px|||||&#8220; custom_padding=&#8220;4px||2px|||&#8220; collapsed=&#8220;off&#8220; global_colors_info=&#8220;{}&#8220;][et_pb_row column_structure=&#8220;1_3,1_3,1_3&#8243; _builder_version=&#8220;4.20.4&#8243; _module_preset=&#8220;default&#8220; width=&#8220;90%&#8220; max_width=&#8220;1221px&#8220; custom_padding=&#8220;|0px||||&#8220; global_colors_info=&#8220;{}&#8220;][et_pb_column type=&#8220;1_3&#8243; _builder_version=&#8220;4.19.4&#8243; _module_preset=&#8220;default&#8220; global_colors_info=&#8220;{}&#8220;][et_pb_blurb use_icon=&#8220;on&#8220; font_icon=&#8220;&#xf0e0;||fa||400&#8243; icon_color=&#8220;#0C71C3&#8243; icon_placement=&#8220;left&#8220; image_icon_width=&#8220;60px&#8220; content_max_width=&#8220;558px&#8220; _builder_version=&#8220;4.20.4&#8243; _module_preset=&#8220;default&#8220; body_font=&#8220;|600|||||||&#8220; body_text_color=&#8220;#000000&#8243; body_font_size=&#8220;20px&#8220; body_line_height=&#8220;3em&#8220; width=&#8220;95.1%&#8220; module_alignment=&#8220;left&#8220; custom_margin=&#8220;|||0px||&#8220; custom_padding=&#8220;||0px|0px|false|false&#8220; global_colors_info=&#8220;{}&#8220;]<\/p>\n<p>info@mein-zahnteam.de<\/p>\n<p>[\/et_pb_blurb][\/et_pb_column][et_pb_column type=&#8220;1_3&#8243; _builder_version=&#8220;4.19.4&#8243; _module_preset=&#8220;default&#8220; global_colors_info=&#8220;{}&#8220;][et_pb_blurb use_icon=&#8220;on&#8220; font_icon=&#8220;&#xe009;||divi||400&#8243; icon_color=&#8220;#0C71C3&#8243; icon_placement=&#8220;left&#8220; image_icon_width=&#8220;60px&#8220; _builder_version=&#8220;4.20.0&#8243; _module_preset=&#8220;default&#8220; body_font=&#8220;|600|||||||&#8220; body_text_color=&#8220;#000000&#8243; body_font_size=&#8220;20px&#8220; body_line_height=&#8220;1.5em&#8220; width=&#8220;99.8%&#8220; custom_margin=&#8220;|||-2px||&#8220; global_colors_info=&#8220;{}&#8220;]<\/p>\n<p style=\"text-align: left;\">Hildebrandtstr. 24 e<br \/>40215 D\u00fcsseldorf<\/p>\n<p>[\/et_pb_blurb][\/et_pb_column][et_pb_column type=&#8220;1_3&#8243; _builder_version=&#8220;4.19.4&#8243; _module_preset=&#8220;default&#8220; global_colors_info=&#8220;{}&#8220;][et_pb_blurb use_icon=&#8220;on&#8220; font_icon=&#8220;&#xf3cd;||fa||900&#8243; icon_color=&#8220;#0C71C3&#8243; icon_placement=&#8220;left&#8220; image_icon_width=&#8220;50px&#8220; content_max_width=&#8220;555px&#8220; _builder_version=&#8220;4.20.4&#8243; _module_preset=&#8220;default&#8220; body_font=&#8220;|600|||||||&#8220; body_text_color=&#8220;#000000&#8243; body_font_size=&#8220;20px&#8220; body_line_height=&#8220;3em&#8220; width=&#8220;95.1%&#8220; custom_margin=&#8220;|||-11px||&#8220; custom_padding=&#8220;1px||0px|18px||&#8220; global_colors_info=&#8220;{}&#8220;]<\/p>\n<p>0211 349920<\/p>\n<p>[\/et_pb_blurb][\/et_pb_column][\/et_pb_row][\/et_pb_section][et_pb_section fb_built=&#8220;1&#8243; admin_label=&#8220;About Us&#8220; _builder_version=&#8220;4.16&#8243; min_height=&#8220;493.4px&#8220; custom_padding=&#8220;0px||9px|||&#8220; collapsed=&#8220;off&#8220; global_colors_info=&#8220;{}&#8220;][et_pb_row column_structure=&#8220;1_2,1_2&#8243; padding_top_bottom_link_2=&#8220;false&#8220; _builder_version=&#8220;4.16&#8243; global_colors_info=&#8220;{}&#8220;][et_pb_column type=&#8220;1_2&#8243; _builder_version=&#8220;4.16&#8243; custom_padding=&#8220;|||&#8220; global_colors_info=&#8220;{}&#8220; custom_padding__hover=&#8220;|||&#8220;][et_pb_image src=&#8220;https:\/\/dr-raben.de\/wp-content\/uploads\/2023\/05\/0007_BUSINESS_Mein_Zahnarztteam_20230323_bea_l_Favorit_WEB-1024&#215;682-1-1024&#215;682-1.jpg&#8220; alt=&#8220;Zahnarzt Dr. Uwe Raben Zahnarzt Martin H\u00f6lzer D\u00fcsseldorf 2&#8243; title_text=&#8220;0007_BUSINESS_Mein_Zahnarztteam_20230323_bea_l_Favorit_WEB-1024&#215;682-1&#8243; align_tablet=&#8220;center&#8220; align_phone=&#8220;center&#8220; align_last_edited=&#8220;on|desktop&#8220; disabled_on=&#8220;off|off|off&#8220; _builder_version=&#8220;4.20.4&#8243; custom_margin=&#8220;|||&#8220; border_radii=&#8220;|10vw|10vw|10vw|&#8220; box_shadow_style=&#8220;preset3&#8243; box_shadow_vertical=&#8220;20px&#8220; box_shadow_blur=&#8220;30px&#8220; box_shadow_color=&#8220;rgba(173,180,208,0.2)&#8220; global_colors_info=&#8220;{}&#8220;][\/et_pb_image][\/et_pb_column][et_pb_column type=&#8220;1_2&#8243; _builder_version=&#8220;4.16&#8243; custom_padding=&#8220;100px|||&#8220; custom_padding_tablet=&#8220;0px||0px|&#8220; custom_padding_last_edited=&#8220;off|desktop&#8220; global_colors_info=&#8220;{}&#8220; padding_tablet=&#8220;0px||0px|&#8220; padding_last_edited=&#8220;off|desktop&#8220; custom_padding__hover=&#8220;|||&#8220;][et_pb_text _builder_version=&#8220;4.20.0&#8243; text_font=&#8220;Open Sans||||||||&#8220; text_line_height=&#8220;2em&#8220; header_font=&#8220;||||||||&#8220; header_2_font=&#8220;Cantata One||||||||&#8220; header_2_font_size=&#8220;40px&#8220; header_2_line_height=&#8220;1.4em&#8220; custom_margin=&#8220;-65px|||||&#8220; custom_padding=&#8220;||2px|||&#8220; header_2_font_size_tablet=&#8220;35px&#8220; header_2_font_size_phone=&#8220;25px&#8220; header_2_font_size_last_edited=&#8220;on|phone&#8220; global_colors_info=&#8220;{}&#8220;]<\/p>\n<h2>Willkommen!\u00a0<\/h2>\n<h3>Die gute Nachricht vorab, ich darf noch drei Jahre!<\/h3>\n<h3><\/h3>\n<p>Vielen Dank f\u00fcr die tollen 26 Jahre, die ich in meiner Praxis erleben durfte. Viele von euch wissen, dass ich auf der Suche nach einem Nachfolger bin\/war.<\/p>\n<p>Zum 1. M\u00e4rz 2023 hat er nun das Ruder \u00fcbernommen und ich darf weitere drei Jahre Freude und Spa\u00df haben.<\/p>\n<p>Eine weitere Neuerung, wir bieten nun eine online Terminvergabe an.\u00a0<\/p>\n<p>&nbsp;<\/p>\n<p>[\/et_pb_text][et_pb_button button_url=&#8220;https:\/\/densontime.online\/calendar\/applet\/appointment\/826cd36f-e6bb-4af5-8074-148816451067&#8243; button_text=&#8220;Zu den Terminen&#8220; _builder_version=&#8220;4.20.4&#8243; custom_button=&#8220;on&#8220; button_text_size=&#8220;16px&#8220; button_text_color=&#8220;#ffffff&#8220; button_bg_color=&#8220;#52a8ff&#8220; button_border_width=&#8220;7px&#8220; button_border_color=&#8220;rgba(0,0,0,0)&#8220; button_border_radius=&#8220;100px&#8220; button_font=&#8220;|700|||||||&#8220; custom_margin=&#8220;-31px|||||&#8220; custom_padding=&#8220;||5px|||&#8220; animation_style=&#8220;slide&#8220; animation_direction=&#8220;bottom&#8220; button_text_color_hover=&#8220;#ffffff&#8220; button_border_color_hover=&#8220;rgba(0,0,0,0)&#8220; button_border_radius_hover=&#8220;100px&#8220; button_bg_color_hover=&#8220;#0059c3&#8243; locked=&#8220;off&#8220; global_colors_info=&#8220;{}&#8220; button_text_size__hover_enabled=&#8220;off&#8220; button_one_text_size__hover_enabled=&#8220;off&#8220; button_two_text_size__hover_enabled=&#8220;off&#8220; button_text_color__hover_enabled=&#8220;on&#8220; button_text_color__hover=&#8220;#ffffff&#8220; button_one_text_color__hover_enabled=&#8220;off&#8220; button_two_text_color__hover_enabled=&#8220;off&#8220; button_border_width__hover_enabled=&#8220;off&#8220; button_one_border_width__hover_enabled=&#8220;off&#8220; button_two_border_width__hover_enabled=&#8220;off&#8220; button_border_color__hover_enabled=&#8220;on&#8220; button_border_color__hover=&#8220;rgba(0,0,0,0)&#8220; button_one_border_color__hover_enabled=&#8220;off&#8220; button_two_border_color__hover_enabled=&#8220;off&#8220; button_border_radius__hover_enabled=&#8220;on&#8220; button_border_radius__hover=&#8220;100px&#8220; button_one_border_radius__hover_enabled=&#8220;off&#8220; button_two_border_radius__hover_enabled=&#8220;off&#8220; button_letter_spacing__hover_enabled=&#8220;off&#8220; button_one_letter_spacing__hover_enabled=&#8220;off&#8220; button_two_letter_spacing__hover_enabled=&#8220;off&#8220; button_bg_color__hover_enabled=&#8220;on&#8220; button_bg_color__hover=&#8220;#0059c3&#8243; button_one_bg_color__hover_enabled=&#8220;off&#8220; button_two_bg_color__hover_enabled=&#8220;off&#8220;][\/et_pb_button][\/et_pb_column][\/et_pb_row][\/et_pb_section][et_pb_section fb_built=&#8220;1&#8243; _builder_version=&#8220;4.19.4&#8243; _module_preset=&#8220;default&#8220; custom_padding=&#8220;2px|||||&#8220; global_colors_info=&#8220;{}&#8220;][et_pb_row column_structure=&#8220;1_2,1_2&#8243; _builder_version=&#8220;4.19.4&#8243; _module_preset=&#8220;default&#8220; global_colors_info=&#8220;{}&#8220;][et_pb_column type=&#8220;1_2&#8243; _builder_version=&#8220;4.19.4&#8243; _module_preset=&#8220;default&#8220; global_colors_info=&#8220;{}&#8220;][et_pb_text _builder_version=&#8220;4.20.0&#8243; _module_preset=&#8220;default&#8220; global_colors_info=&#8220;{}&#8220;]<\/p>\n<h2>Aus der Praxis Dr. Raben wird mein Zahnteam<\/h2>\n<h2>Klingt unpers\u00f6nlich?!<\/h2>\n<h4>Wieso wurde die Praxis nicht einfach nach Herrn H\u00f6lzer benannt?<\/h4>\n<p>Eine Zahnarztpraxis ben\u00f6tigt ganz sicher einen tollen Zahnarzt, fachlich sowie menschlich. Es arbeiten aber nicht nur Zahn\u00e4rzte in den Praxen, sondern ganz viele flei\u00dfige Helfer. Genau diese haben auch einen entscheidenden Anteil am Behandlungserfolg und der Name &#8222;mein Zahnteam&#8220; soll genau das verk\u00f6rpern.<br \/>Ihnen ist bestimmt auch unser Praxislogo aufgefallen. Wie unser Name soll auch unser Logo unsere vielen Facetten in der Praxis zeigen. Wir sind ein vielschichtiges\u00a0 Team und das macht uns stark. Lassen Sie sich von den frohen Farben anstecken! Ein Zahnarztbesuch kann positiver sein als Sie glauben.<\/p>\n<p>[\/et_pb_text][\/et_pb_column][et_pb_column type=&#8220;1_2&#8243; _builder_version=&#8220;4.19.4&#8243; _module_preset=&#8220;default&#8220; global_colors_info=&#8220;{}&#8220;][et_pb_image src=&#8220;https:\/\/dr-raben.de\/wp-content\/uploads\/2023\/05\/Visitenkarte-Vorderseite.jpg&#8220; alt=&#8220;mein Zahnteam Zahnarzt Martin H\u00f6lzer&#8220; title_text=&#8220;mein Zahnteam Zahnarzt Martin H\u00f6lzer&#8220; url=&#8220;http:\/\/mein-zahnteam.de&#8220; _builder_version=&#8220;4.20.4&#8243; _module_preset=&#8220;default&#8220; global_colors_info=&#8220;{}&#8220;][\/et_pb_image][\/et_pb_column][\/et_pb_row][\/et_pb_section][et_pb_section fb_built=&#8220;1&#8243; _builder_version=&#8220;4.19.4&#8243; _module_preset=&#8220;default&#8220; custom_padding=&#8220;4px|||||&#8220; global_colors_info=&#8220;{}&#8220;][et_pb_row column_structure=&#8220;1_2,1_2&#8243; _builder_version=&#8220;4.19.4&#8243; _module_preset=&#8220;default&#8220; custom_padding=&#8220;|||0px||&#8220; global_colors_info=&#8220;{}&#8220;][et_pb_column type=&#8220;1_2&#8243; _builder_version=&#8220;4.19.4&#8243; _module_preset=&#8220;default&#8220; global_colors_info=&#8220;{}&#8220;][\/et_pb_column][et_pb_column type=&#8220;1_2&#8243; _builder_version=&#8220;4.19.4&#8243; _module_preset=&#8220;default&#8220; global_colors_info=&#8220;{}&#8220;][et_pb_text _builder_version=&#8220;4.19.4&#8243; _module_preset=&#8220;default&#8220; custom_margin=&#8220;||44px|||&#8220; global_colors_info=&#8220;{}&#8220;]<\/p>\n<h2>Wer sind unsere Partner?<\/h2>\n<p>Auch wenn wir uns gr\u00f6\u00dfte M\u00fche geben alles in unserer Zahnarztpraxis anzubieten, im Bereich der Kieferorthop\u00e4die und gro\u00dfen chirurgischen Versorgung k\u00f6nnen wir auf strake Partner in D\u00fcsseldorf zur\u00fcckgreifen. Zusammen mit diesen\u00a0 k\u00f6nnen wir das bestm\u00f6gliche Behandlungsergebnis f\u00fcr unsere Patienten erzielen.<\/p>\n<p><a href=\"https:\/\/drplatte.de\/\">Dr. Ulrike Platte &#8211; D\u00fcsseldorf &#8211; Kieferorthop\u00e4die (drplatte.de)<\/a><\/p>\n<p><a href=\"https:\/\/implantologie.de\/\">Zahnarztpraxis &#8211; D\u00fcsseldorf &#8211; Zahnarzt Oralchirurgie (implantologie.de)<\/a><\/p>\n<p>Auch im Bereich der zahntechnischen Versorgung freuen wir uns einen in\u00a0 lokalen und sehr guten Partner an unserer Seite zu haben, der sehr viel Erfahrung mitbringt und sehr \u00e4sthetische Ergebnisse erzielt.<\/p>\n<p><a href=\"https:\/\/www.zahn-vom-stein.com\/\">Home | zahn-vom-stein<\/a><\/p>\n<p>[\/et_pb_text][\/et_pb_column][\/et_pb_row][\/et_pb_section][et_pb_section fb_built=&#8220;1&#8243; admin_label=&#8220;Features&#8220; _builder_version=&#8220;4.19.4&#8243; custom_margin=&#8220;-140px|||&#8220; custom_margin_tablet=&#8220;0px|||&#8220; custom_margin_phone=&#8220;&#8220; custom_margin_last_edited=&#8220;on|tablet&#8220; custom_padding=&#8220;84px|0px|54px|0px|false|false&#8220; top_divider_color=&#8220;RGBA(255,255,255,0)&#8220; top_divider_height=&#8220;14px&#8220; top_divider_repeat=&#8220;18x&#8220; top_divider_repeat_tablet=&#8220;9x&#8220; top_divider_repeat_phone=&#8220;4x&#8220; top_divider_repeat_last_edited=&#8220;on|phone&#8220; global_colors_info=&#8220;{}&#8220;][et_pb_row column_structure=&#8220;1_3,1_3,1_3&#8243; _builder_version=&#8220;4.19.4&#8243; custom_margin=&#8220;-51px|auto||auto||&#8220; locked=&#8220;off&#8220; global_colors_info=&#8220;{}&#8220;][et_pb_column type=&#8220;1_3&#8243; _builder_version=&#8220;4.16&#8243; custom_padding=&#8220;|||&#8220; global_colors_info=&#8220;{}&#8220; custom_padding__hover=&#8220;|||&#8220;][et_pb_blurb title=&#8220;Qualit\u00e4tsbewusst&#8220; use_icon=&#8220;on&#8220; font_icon=&#8220;&#xe012;||divi||400&#8243; icon_color=&#8220;#0079ff&#8220; icon_placement=&#8220;left&#8220; image_icon_width=&#8220;60px&#8220; _builder_version=&#8220;4.19.4&#8243; header_level=&#8220;h3&#8243; header_font=&#8220;||||||||&#8220; header_font_size=&#8220;30px&#8220; header_line_height=&#8220;1.6em&#8220; body_font=&#8220;Open Sans||||||||&#8220; body_line_height=&#8220;2em&#8220; animation=&#8220;off&#8220; global_colors_info=&#8220;{}&#8220;][\/et_pb_blurb][\/et_pb_column][et_pb_column type=&#8220;1_3&#8243; _builder_version=&#8220;4.16&#8243; custom_padding=&#8220;|||&#8220; global_colors_info=&#8220;{}&#8220; custom_padding__hover=&#8220;|||&#8220;][et_pb_blurb title=&#8220;Modern&#8220; use_icon=&#8220;on&#8220; font_icon=&#8220;&#xe007;||divi||400&#8243; icon_color=&#8220;#0079ff&#8220; icon_placement=&#8220;left&#8220; image_icon_width=&#8220;60px&#8220; _builder_version=&#8220;4.19.4&#8243; header_level=&#8220;h3&#8243; header_font=&#8220;||||||||&#8220; header_font_size=&#8220;30px&#8220; header_line_height=&#8220;1.6em&#8220; body_font=&#8220;Open Sans||||||||&#8220; body_line_height=&#8220;2em&#8220; animation=&#8220;off&#8220; global_colors_info=&#8220;{}&#8220;][\/et_pb_blurb][\/et_pb_column][et_pb_column type=&#8220;1_3&#8243; _builder_version=&#8220;4.16&#8243; custom_padding=&#8220;|||&#8220; global_colors_info=&#8220;{}&#8220; custom_padding__hover=&#8220;|||&#8220;][et_pb_blurb title=&#8220;Kompetent&#8220; use_icon=&#8220;on&#8220; font_icon=&#8220;&#xe106;||divi||400&#8243; icon_color=&#8220;#0079ff&#8220; icon_placement=&#8220;left&#8220; image_icon_width=&#8220;60px&#8220; _builder_version=&#8220;4.19.4&#8243; header_level=&#8220;h3&#8243; header_font=&#8220;||||||||&#8220; header_font_size=&#8220;30px&#8220; header_line_height=&#8220;1.6em&#8220; body_font=&#8220;Open Sans||||||||&#8220; body_line_height=&#8220;2em&#8220; animation=&#8220;off&#8220; global_colors_info=&#8220;{}&#8220;][\/et_pb_blurb][\/et_pb_column][\/et_pb_row][\/et_pb_section]<\/p>\n","protected":false},"excerpt":{"rendered":"<p>Dr. Uwe Raben Zahnarzt in D\u00fcsseldorfDr. Uwe Raben Zahnarzt in D\u00fcsseldorfinfo@mein-zahnteam.deHildebrandtstr. 24 e40215 D\u00fcsseldorf0211 349920Willkommen!\u00a0 Die gute Nachricht vorab, ich darf noch drei Jahre! Vielen Dank f\u00fcr die tollen 26 Jahre, die ich in meiner Praxis erleben durfte. Viele von euch wissen, dass ich auf der Suche nach einem Nachfolger bin\/war. Zum 1. M\u00e4rz 2023 [&hellip;]<\/p>\n","protected":false},"author":1,"featured_media":0,"parent":0,"menu_order":0,"comment_status":"closed","ping_status":"closed","template":"","meta":{"_et_pb_use_builder":"on","_et_pb_old_content":"","_et_gb_content_width":""},"_links":{"self":[{"href":"https:\/\/dr-raben.de\/index.php?rest_route=\/wp\/v2\/pages\/30"}],"collection":[{"href":"https:\/\/dr-raben.de\/index.php?rest_route=\/wp\/v2\/pages"}],"about":[{"href":"https:\/\/dr-raben.de\/index.php?rest_route=\/wp\/v2\/types\/page"}],"author":[{"embeddable":true,"href":"https:\/\/dr-raben.de\/index.php?rest_route=\/wp\/v2\/users\/1"}],"replies":[{"embeddable":true,"href":"https:\/\/dr-raben.de\/index.php?rest_route=%2Fwp%2Fv2%2Fcomments&post=30"}],"version-history":[{"count":27,"href":"https:\/\/dr-raben.de\/index.php?rest_route=\/wp\/v2\/pages\/30\/revisions"}],"predecessor-version":[{"id":111,"href":"https:\/\/dr-raben.de\/index.php?rest_route=\/wp\/v2\/pages\/30\/revisions\/111"}],"wp:attachment":[{"href":"https:\/\/dr-raben.de\/index.php?rest_route=%2Fwp%2Fv2%2Fmedia&parent=30"}],"curies":[{"name":"wp","href":"https:\/\/api.w.org\/{rel}","templated":true}]}}